{"id":2011,"date":"2026-01-18T09:42:59","date_gmt":"2026-01-18T09:42:59","guid":{"rendered":"https:\/\/laulea.nl\/?page_id=2011"},"modified":"2026-01-18T09:44:55","modified_gmt":"2026-01-18T09:44:55","slug":"powerrr","status":"publish","type":"page","link":"https:\/\/laulea.nl\/index.php\/powerrr\/","title":{"rendered":"Rituelen"},"content":{"rendered":"\n<p class=\"has-text-color has-link-color wp-elements-92e7cd9e7036d569d7186bc96731a252\" style=\"color:#6b686e\">Over de hele wereld doen mensen rituelen om zowel mentaal als fysiek (veer)krachtig te blijven. En terwijl ik langzaam herstel van mijn verkoudheid, kan ik \u00e9\u00e9n van mijn rituelen weer oppakken, namelijk ishnaan. Een wassing ontwikkeld binnen de Kundalini Yoga.<\/p>\n\n\n\n<p class=\"has-text-color has-link-color wp-elements-130c3dddabeae67b19e16edb5ffd9a2a\" style=\"color:#6b686e\">Terwijl het buiten, vroeg in de ochtend, nog stil is, sta ik met mijn konijnenpantoffels op de tegelvloer. Eerst zorgvuldig insmeren met olie. Ik kies voor sesamolie als beschermende laag. Ik draai aan de kraan voor koud water en weet: dit wordt niet zomaar douchen. Dit wordt ishnaan. Eerst steek ik \u00e9\u00e9n voet onder het water. Dan gaat mij andere voet. Ik laat het water stromen over mijn armen en handen en laat het langs de achterkant van beide benen gaan. Vervolgens over de heupen, onderrug en het bekkengebied en even op de buik en borst. Het water laat ik nu stromen over nek, schouders en bovenrug. Om vervolgens helemaal onder de koude douche te staan. Ik adem diep in, lang uit en ontspan. Het voelt alsof het water al mijn cellen \u00e9\u00e9n voor \u00e9\u00e9n wakker kust. En dan, wanneer ik de kraan dichtdraai en mezelf begin af te drogen, merk ik iets op: warmte. Niet van het water, maar van binnenuit.<\/p>\n\n\n\n<p class=\"has-text-color has-link-color wp-elements-deda5af706ce8225fb26d0a97b9fa944\" style=\"color:#6b686e\">Naast ishnaan zijn er nog meer prachtige gebruiken die het lichaam activeren, de geest tot rust brengen en de dag bewust beginnen of eindigen. Zoals dinacharya. Ik probeer deze dagelijkse routine toe te passen, maar dikwijls ontbreekt het mij aan tapas. Hier en daar glipt er dan ook nog een ecstatic dance avond doorheen, een pizza (wel bio en veggie) of laat ik me verleiden laat naar bed te gaan en lang op bed te blijven liggen. Ik ben en blijf stiekem een avondmens. Dinacharya is&nbsp; een dagelijkse routine die bedoeld is om lichaam en geest in evenwicht te houden. De dag begint idealiter vroeg, tussen 04.30 en 06.00 uur, gevolgd door een glas warm water met citroen en het \u2018oil pulling\u2019 met warme kokosolie. Lichte beweging, voedzame maaltijden en een rustige avond met bedtijd voor 22.00 uur vervolledigen dit ritme.<\/p>\n\n\n\n<p class=\"has-text-color has-link-color wp-elements-82da630f0fcac3723017cb7dfe3be938\" style=\"color:#6b686e\">Een ander mooie traditie is kanpu masatsu uit Japan. Deze techniek, ooit dagelijks aangeleerd aan schoolkinderen, betekent letterlijk \u2018een afwrijving met een droge handdoek\u2019. Door vijf tot tien minuten met rustige, gelijkmatige bewegingen de huid te masseren, rechtstreeks op het lichaam of over een dunne laag kleding, ontstaat warmte die de bloedcirculatie stimuleert. Het is een prachtige manier om het immuunsysteem te ondersteunen, verkoudheden te helpen voorkomen en om lekker warm te worden. Bovendien geven onderzoekers aan dat de methode spanning kan verminderen en het lymfestelsel kan activeren.<\/p>\n\n\n\n<p class=\"has-text-color has-link-color wp-elements-d7d91016e81be0b98cefcb085520055f\" style=\"color:#6b686e\">In de Scandinavische landen, zoeken ze ook de kou op in de vorm van friluftsliv. Deze filosofie, vrij leven in de buitenlucht, moedigt mensen aan om in elk seizoen buiten te zijn, ook als het sneeuwt, regent of miezert. Wandelen, ski\u00ebn of gewoon een moment in de koude lucht staan: alles draagt bij aan een helderder hoofd, een beter humeur en minder stress.<\/p>\n\n\n\n<p class=\"has-text-color has-link-color wp-elements-9159731b821f1721027dd6c5c2275649\" style=\"color:#6b686e\">Heb jij ook een ritueel waarmee jij de (winter)dagen (veer)krachtiger maakt?<\/p>\n<!-- AddThis Advanced Settings generic via filter on the_content --><!-- AddThis Share Buttons generic via filter on the_content -->","protected":false},"excerpt":{"rendered":"<p>Over de hele wereld doen mensen rituelen om zowel mentaal als fysiek (veer)krachtig te blijven. En terwijl ik langzaam herstel van mijn verkoudheid, kan ik \u00e9\u00e9n van mijn rituelen weer oppakken, namelijk ishnaan. Een wassing ontwikkeld binnen de Kundalini Yoga. Terwijl het buiten, vroeg in de ochtend, nog stil is, sta ik met mijn konijnenpantoffels [&hellip;]<!-- AddThis Advanced Settings generic via filter on get_the_excerpt --><!-- AddThis Share Buttons generic via filter on get_the_excerpt --><\/p>\n","protected":false},"author":2,"featured_media":0,"parent":0,"menu_order":0,"comment_status":"closed","ping_status":"closed","template":"template-fullwidth.php","meta":{"_exactmetrics_skip_tracking":false,"_exactmetrics_sitenote_active":false,"_exactmetrics_sitenote_note":"","_exactmetrics_sitenote_category":0,"footnotes":""},"class_list":["post-2011","page","type-page","status-publish","hentry"],"yoast_head":"<!-- This site is optimized with the Yoast SEO plugin v26.9 - https:\/\/yoast.com\/product\/yoast-seo-wordpress\/ -->\n<title>Rituelen - Laulea<\/title>\n<meta name=\"robots\" content=\"index, follow, max-snippet:-1, max-image-preview:large, max-video-preview:-1\" \/>\n<link rel=\"canonical\" href=\"https:\/\/laulea.nl\/index.php\/powerrr\/\" \/>\n<meta property=\"og:locale\" content=\"nl_NL\" \/>\n<meta property=\"og:type\" content=\"article\" \/>\n<meta property=\"og:title\" content=\"Rituelen - Laulea\" \/>\n<meta property=\"og:description\" content=\"Over de hele wereld doen mensen rituelen om zowel mentaal als fysiek (veer)krachtig te blijven. En terwijl ik langzaam herstel van mijn verkoudheid, kan ik \u00e9\u00e9n van mijn rituelen weer oppakken, namelijk ishnaan. Een wassing ontwikkeld binnen de Kundalini Yoga. Terwijl het buiten, vroeg in de ochtend, nog stil is, sta ik met mijn konijnenpantoffels [&hellip;]\" \/>\n<meta property=\"og:url\" content=\"https:\/\/laulea.nl\/index.php\/powerrr\/\" \/>\n<meta property=\"og:site_name\" content=\"Laulea\" \/>\n<meta property=\"article:modified_time\" content=\"2026-01-18T09:44:55+00:00\" \/>\n<meta name=\"twitter:card\" content=\"summary_large_image\" \/>\n<meta name=\"twitter:label1\" content=\"Geschatte leestijd\" \/>\n\t<meta name=\"twitter:data1\" content=\"3 minuten\" \/>\n<script type=\"application\/ld+json\" class=\"yoast-schema-graph\">{\"@context\":\"https:\/\/schema.org\",\"@graph\":[{\"@type\":\"WebPage\",\"@id\":\"https:\/\/laulea.nl\/index.php\/powerrr\/\",\"url\":\"https:\/\/laulea.nl\/index.php\/powerrr\/\",\"name\":\"Rituelen - Laulea\",\"isPartOf\":{\"@id\":\"https:\/\/laulea.nl\/#website\"},\"datePublished\":\"2026-01-18T09:42:59+00:00\",\"dateModified\":\"2026-01-18T09:44:55+00:00\",\"breadcrumb\":{\"@id\":\"https:\/\/laulea.nl\/index.php\/powerrr\/#breadcrumb\"},\"inLanguage\":\"nl-NL\",\"potentialAction\":[{\"@type\":\"ReadAction\",\"target\":[\"https:\/\/laulea.nl\/index.php\/powerrr\/\"]}]},{\"@type\":\"BreadcrumbList\",\"@id\":\"https:\/\/laulea.nl\/index.php\/powerrr\/#breadcrumb\",\"itemListElement\":[{\"@type\":\"ListItem\",\"position\":1,\"name\":\"Home\",\"item\":\"https:\/\/laulea.nl\/\"},{\"@type\":\"ListItem\",\"position\":2,\"name\":\"Rituelen\"}]},{\"@type\":\"WebSite\",\"@id\":\"https:\/\/laulea.nl\/#website\",\"url\":\"https:\/\/laulea.nl\/\",\"name\":\"Laulea\",\"description\":\"Bij Laulea ben je aan het juiste adres voor zowel massages als een-op-een yoga sessies\",\"publisher\":{\"@id\":\"https:\/\/laulea.nl\/#organization\"},\"potentialAction\":[{\"@type\":\"SearchAction\",\"target\":{\"@type\":\"EntryPoint\",\"urlTemplate\":\"https:\/\/laulea.nl\/?s={search_term_string}\"},\"query-input\":{\"@type\":\"PropertyValueSpecification\",\"valueRequired\":true,\"valueName\":\"search_term_string\"}}],\"inLanguage\":\"nl-NL\"},{\"@type\":\"Organization\",\"@id\":\"https:\/\/laulea.nl\/#organization\",\"name\":\"Laulea\",\"url\":\"https:\/\/laulea.nl\/\",\"logo\":{\"@type\":\"ImageObject\",\"inLanguage\":\"nl-NL\",\"@id\":\"https:\/\/laulea.nl\/#\/schema\/logo\/image\/\",\"url\":\"https:\/\/laulea.nl\/wp-content\/uploads\/2016\/02\/Logo-Transparant-Smooth.png\",\"contentUrl\":\"https:\/\/laulea.nl\/wp-content\/uploads\/2016\/02\/Logo-Transparant-Smooth.png\",\"width\":780,\"height\":200,\"caption\":\"Laulea\"},\"image\":{\"@id\":\"https:\/\/laulea.nl\/#\/schema\/logo\/image\/\"}}]}<\/script>\n<!-- \/ Yoast SEO plugin. -->","yoast_head_json":{"title":"Rituelen - Laulea","robots":{"index":"index","follow":"follow","max-snippet":"max-snippet:-1","max-image-preview":"max-image-preview:large","max-video-preview":"max-video-preview:-1"},"canonical":"https:\/\/laulea.nl\/index.php\/powerrr\/","og_locale":"nl_NL","og_type":"article","og_title":"Rituelen - Laulea","og_description":"Over de hele wereld doen mensen rituelen om zowel mentaal als fysiek (veer)krachtig te blijven. En terwijl ik langzaam herstel van mijn verkoudheid, kan ik \u00e9\u00e9n van mijn rituelen weer oppakken, namelijk ishnaan. Een wassing ontwikkeld binnen de Kundalini Yoga. Terwijl het buiten, vroeg in de ochtend, nog stil is, sta ik met mijn konijnenpantoffels [&hellip;]","og_url":"https:\/\/laulea.nl\/index.php\/powerrr\/","og_site_name":"Laulea","article_modified_time":"2026-01-18T09:44:55+00:00","twitter_card":"summary_large_image","twitter_misc":{"Geschatte leestijd":"3 minuten"},"schema":{"@context":"https:\/\/schema.org","@graph":[{"@type":"WebPage","@id":"https:\/\/laulea.nl\/index.php\/powerrr\/","url":"https:\/\/laulea.nl\/index.php\/powerrr\/","name":"Rituelen - Laulea","isPartOf":{"@id":"https:\/\/laulea.nl\/#website"},"datePublished":"2026-01-18T09:42:59+00:00","dateModified":"2026-01-18T09:44:55+00:00","breadcrumb":{"@id":"https:\/\/laulea.nl\/index.php\/powerrr\/#breadcrumb"},"inLanguage":"nl-NL","potentialAction":[{"@type":"ReadAction","target":["https:\/\/laulea.nl\/index.php\/powerrr\/"]}]},{"@type":"BreadcrumbList","@id":"https:\/\/laulea.nl\/index.php\/powerrr\/#breadcrumb","itemListElement":[{"@type":"ListItem","position":1,"name":"Home","item":"https:\/\/laulea.nl\/"},{"@type":"ListItem","position":2,"name":"Rituelen"}]},{"@type":"WebSite","@id":"https:\/\/laulea.nl\/#website","url":"https:\/\/laulea.nl\/","name":"Laulea","description":"Bij Laulea ben je aan het juiste adres voor zowel massages als een-op-een yoga sessies","publisher":{"@id":"https:\/\/laulea.nl\/#organization"},"potentialAction":[{"@type":"SearchAction","target":{"@type":"EntryPoint","urlTemplate":"https:\/\/laulea.nl\/?s={search_term_string}"},"query-input":{"@type":"PropertyValueSpecification","valueRequired":true,"valueName":"search_term_string"}}],"inLanguage":"nl-NL"},{"@type":"Organization","@id":"https:\/\/laulea.nl\/#organization","name":"Laulea","url":"https:\/\/laulea.nl\/","logo":{"@type":"ImageObject","inLanguage":"nl-NL","@id":"https:\/\/laulea.nl\/#\/schema\/logo\/image\/","url":"https:\/\/laulea.nl\/wp-content\/uploads\/2016\/02\/Logo-Transparant-Smooth.png","contentUrl":"https:\/\/laulea.nl\/wp-content\/uploads\/2016\/02\/Logo-Transparant-Smooth.png","width":780,"height":200,"caption":"Laulea"},"image":{"@id":"https:\/\/laulea.nl\/#\/schema\/logo\/image\/"}}]}},"_links":{"self":[{"href":"https:\/\/laulea.nl\/index.php\/wp-json\/wp\/v2\/pages\/2011","targetHints":{"allow":["GET"]}}],"collection":[{"href":"https:\/\/laulea.nl\/index.php\/wp-json\/wp\/v2\/pages"}],"about":[{"href":"https:\/\/laulea.nl\/index.php\/wp-json\/wp\/v2\/types\/page"}],"author":[{"embeddable":true,"href":"https:\/\/laulea.nl\/index.php\/wp-json\/wp\/v2\/users\/2"}],"replies":[{"embeddable":true,"href":"https:\/\/laulea.nl\/index.php\/wp-json\/wp\/v2\/comments?post=2011"}],"version-history":[{"count":2,"href":"https:\/\/laulea.nl\/index.php\/wp-json\/wp\/v2\/pages\/2011\/revisions"}],"predecessor-version":[{"id":2013,"href":"https:\/\/laulea.nl\/index.php\/wp-json\/wp\/v2\/pages\/2011\/revisions\/2013"}],"wp:attachment":[{"href":"https:\/\/laulea.nl\/index.php\/wp-json\/wp\/v2\/media?parent=2011"}],"curies":[{"name":"wp","href":"https:\/\/api.w.org\/{rel}","templated":true}]}}